{"id":655,"date":"2020-06-01T02:26:56","date_gmt":"2020-05-31T23:26:56","guid":{"rendered":"http:\/\/huzurlugelisim.adaweb.net.tr\/?page_id=655"},"modified":"2024-04-14T02:07:40","modified_gmt":"2024-04-13T23:07:40","slug":"iletisim","status":"publish","type":"page","link":"https:\/\/huzurlugelisim.adaweb.net.tr\/?page_id=655","title":{"rendered":"ileti\u015fim"},"content":{"rendered":"<p><span style=\"color: #800000;\"><strong>\u015eifa \u0130lmi | Huzurlu Geli\u015fim | Bet\u00fcl Han\u0131m<\/strong><\/span><br \/>\nBizimle kolayca ileti\u015fime ge\u00e7ebilirsiniz.<br \/>\n<u><span style=\"color: #800000;\">Telefonumuz<\/span>:<\/u> 0505 123 45 67<br \/>\n<span style=\"color: #800000;\"><u>Dilerseniz a\u015fa\u011f\u0131daki form arac\u0131l\u0131\u011f\u0131 ile bize mesaj g\u00f6nderebilirsiniz&#8230;<br \/>\n<\/u><\/span>[contact-form-7 id=&#8221;651&#8243; title=&#8221;\u0130leti\u015fim formu 1&#8243;]<\/p>\n","protected":false},"excerpt":{"rendered":"<p>\u015eifa \u0130lmi | Huzurlu Geli\u015fim | Bet\u00fcl Han\u0131m Bizimle kolayca ileti\u015fime ge\u00e7ebilirsiniz. Telefonumuz: 0505 123 45 67 Dilerseniz a\u015fa\u011f\u0131daki form arac\u0131l\u0131\u011f\u0131 ile bize mesaj g\u00f6nderebilirsiniz&#8230; [contact-form-7 id=&#8221;651&#8243; title=&#8221;\u0130leti\u015fim formu 1&#8243;]<\/p>\n","protected":false},"author":1,"featured_media":0,"parent":0,"menu_order":0,"comment_status":"closed","ping_status":"closed","template":"","meta":{"footnotes":""},"class_list":["post-655","page","type-page","status-publish","hentry"],"_links":{"self":[{"href":"https:\/\/huzurlugelisim.adaweb.net.tr\/index.php?rest_route=\/wp\/v2\/pages\/655","targetHints":{"allow":["GET"]}}],"collection":[{"href":"https:\/\/huzurlugelisim.adaweb.net.tr\/index.php?rest_route=\/wp\/v2\/pages"}],"about":[{"href":"https:\/\/huzurlugelisim.adaweb.net.tr\/index.php?rest_route=\/wp\/v2\/types\/page"}],"author":[{"embeddable":true,"href":"https:\/\/huzurlugelisim.adaweb.net.tr\/index.php?rest_route=\/wp\/v2\/users\/1"}],"replies":[{"embeddable":true,"href":"https:\/\/huzurlugelisim.adaweb.net.tr\/index.php?rest_route=%2Fwp%2Fv2%2Fcomments&post=655"}],"version-history":[{"count":11,"href":"https:\/\/huzurlugelisim.adaweb.net.tr\/index.php?rest_route=\/wp\/v2\/pages\/655\/revisions"}],"predecessor-version":[{"id":2001,"href":"https:\/\/huzurlugelisim.adaweb.net.tr\/index.php?rest_route=\/wp\/v2\/pages\/655\/revisions\/2001"}],"wp:attachment":[{"href":"https:\/\/huzurlugelisim.adaweb.net.tr\/index.php?rest_route=%2Fwp%2Fv2%2Fmedia&parent=655"}],"curies":[{"name":"wp","href":"https:\/\/api.w.org\/{rel}","templated":true}]}}